{"id":93557,"date":"2023-08-31T07:03:49","date_gmt":"2023-08-31T07:03:49","guid":{"rendered":"https:\/\/casviboadilla.es\/general-baccalaureate-in-casvi-boadilla\/"},"modified":"2025-03-21T12:52:11","modified_gmt":"2025-03-21T12:52:11","slug":"general-baccalaureate-in-casvi-boadilla","status":"publish","type":"page","link":"https:\/\/casviboadilla.es\/en\/general-baccalaureate-in-casvi-boadilla\/","title":{"rendered":"Spanish Baccalaureate in Casvi Boadilla"},"content":{"rendered":"\t\t<div data-elementor-type=\"wp-page\" data-elementor-id=\"93557\" class=\"elementor elementor-93557 elementor-254\" data-elementor-post-type=\"page\">\n\t\t\t\t<div class=\"elementor-element elementor-element-0d6c11d e-flex e-con-boxed e-con e-parent\" data-id=\"0d6c11d\" data-element_type=\"container\" data-e-type=\"container\">\n\t\t\t\t\t<div class=\"e-con-inner\">\n\t\t\t\t<div class=\"elementor-element elementor-element-3e415f3 elementor-widget elementor-widget-heading\" data-id=\"3e415f3\" data-element_type=\"widget\" data-e-type=\"widget\" data-widget_type=\"heading.default\">\n\t\t\t\t<div class=\"elementor-widget-container\">\n\t\t\t\t\t<h1 class=\"elementor-heading-title elementor-size-default\">SPANISH BACCALAUREATE IN CASVI BOADILLA<\/h1>\t\t\t\t<\/div>\n\t\t\t\t<\/div>\n\t\t\t\t<div class=\"elementor-element elementor-element-40c8520 elementor-widget elementor-widget-spacer\" data-id=\"40c8520\" data-element_type=\"widget\" data-e-type=\"widget\" data-widget_type=\"spacer.default\">\n\t\t\t\t<div class=\"elementor-widget-container\">\n\t\t\t\t\t\t\t<div class=\"elementor-spacer\">\n\t\t\t<div class=\"elementor-spacer-inner\"><\/div>\n\t\t<\/div>\n\t\t\t\t\t\t<\/div>\n\t\t\t\t<\/div>\n\t\t\t\t<div class=\"elementor-element elementor-element-5cf860f elementor-widget elementor-widget-text-editor\" data-id=\"5cf860f\" data-element_type=\"widget\" data-e-type=\"widget\" data-widget_type=\"text-editor.default\">\n\t\t\t\t<div class=\"elementor-widget-container\">\n\t\t\t\t\t\t\t\t\t<p>During the National Baccalaureate in Casvi Boadilla, we push our students beyond the academic field, helping them in their personal growth, giving them an advantage when it comes to going to University and also a development in the labor market. At this stage, we consolidate habits and routines that have been created during secondary school. <\/p>\t\t\t\t\t\t\t\t<\/div>\n\t\t\t\t<\/div>\n\t\t\t\t\t<\/div>\n\t\t\t\t<\/div>\n\t\t<div class=\"elementor-element elementor-element-d0a3337 e-flex e-con-boxed e-con e-parent\" data-id=\"d0a3337\" data-element_type=\"container\" data-e-type=\"container\">\n\t\t\t\t\t<div class=\"e-con-inner\">\n\t\t<div class=\"elementor-element elementor-element-ae217f1 e-con-full e-flex e-con e-child\" data-id=\"ae217f1\" data-element_type=\"container\" data-e-type=\"container\">\n\t\t\t\t<div class=\"elementor-element elementor-element-5e76665 elementor-widget elementor-widget-text-editor\" data-id=\"5e76665\" data-element_type=\"widget\" data-e-type=\"widget\" data-widget_type=\"text-editor.default\">\n\t\t\t\t<div class=\"elementor-widget-container\">\n\t\t\t\t\t\t\t\t\t<p>Thanks to our experience with the Spanish Baccalaureate, we know that this is a <strong>fundamental stage<\/strong> in the educational process of our students. For this reason, we want them to feel as accompanied as possible during the two courses.<\/p><p>We are aware that this is a time when our students have to make <strong>big decisions<\/strong> for the future, and for this reason we provide them with the necessary information to follow their own talent and development.<\/p><p>In Casvi Boadilla, our students can choose between two modalities and General Baccalaureate. On the one hand, Sciences and, on the other hand, Humanities and Social Sciences. <\/p>\t\t\t\t\t\t\t\t<\/div>\n\t\t\t\t<\/div>\n\t\t\t\t<\/div>\n\t\t<div class=\"elementor-element elementor-element-de0f7f4 e-con-full e-flex e-con e-child\" data-id=\"de0f7f4\" data-element_type=\"container\" data-e-type=\"container\">\n\t\t\t\t<div class=\"elementor-element elementor-element-c4612c2 elementor-widget elementor-widget-image\" data-id=\"c4612c2\" data-element_type=\"widget\" data-e-type=\"widget\" data-widget_type=\"image.default\">\n\t\t\t\t<div class=\"elementor-widget-container\">\n\t\t\t\t\t\t\t\t\t\t\t\t\t\t\t<img fetchpriority=\"high\" decoding=\"async\" width=\"1024\" height=\"683\" src=\"https:\/\/casviboadilla.es\/wp-content\/uploads\/2024\/04\/IMG_0412-1024x683.jpg\" class=\"attachment-large size-large wp-image-91936\" alt=\"Durante el Bachillerato general en Casvi Boadilla, impulsamos a nuestros alumnos m\u00e1s all\u00e1 del \u00e1mbito acad\u00e9mico\" srcset=\"https:\/\/casviboadilla.es\/wp-content\/uploads\/2024\/04\/IMG_0412-1024x683.jpg 1024w, https:\/\/casviboadilla.es\/wp-content\/uploads\/2024\/04\/IMG_0412-300x200.jpg 300w, https:\/\/casviboadilla.es\/wp-content\/uploads\/2024\/04\/IMG_0412-768x512.jpg 768w, https:\/\/casviboadilla.es\/wp-content\/uploads\/2024\/04\/IMG_0412-1536x1024.jpg 1536w, https:\/\/casviboadilla.es\/wp-content\/uploads\/2024\/04\/IMG_0412-2048x1365.jpg 2048w\" sizes=\"(max-width: 1024px) 100vw, 1024px\" \/>\t\t\t\t\t\t\t\t\t\t\t\t\t\t\t<\/div>\n\t\t\t\t<\/div>\n\t\t\t\t<\/div>\n\t\t\t\t\t<\/div>\n\t\t\t\t<\/div>\n\t\t<div class=\"elementor-element elementor-element-46ee1e1 e-flex e-con-boxed e-con e-parent\" data-id=\"46ee1e1\" data-element_type=\"container\" data-e-type=\"container\">\n\t\t\t\t\t<div class=\"e-con-inner\">\n\t\t\t\t<div class=\"elementor-element elementor-element-20aa34d elementor-widget elementor-widget-text-editor\" data-id=\"20aa34d\" data-element_type=\"widget\" data-e-type=\"widget\" data-widget_type=\"text-editor.default\">\n\t\t\t\t<div class=\"elementor-widget-container\">\n\t\t\t\t\t\t\t\t\t<p>During this stage of the National Baccalaureate, we prepare our students for the <b>University Entrance Exam (EvAU).<\/b> To this end, we have various activities and initiatives to accompany our students.  <\/p>\t\t\t\t\t\t\t\t<\/div>\n\t\t\t\t<\/div>\n\t\t\t\t\t<\/div>\n\t\t\t\t<\/div>\n\t\t<div class=\"elementor-element elementor-element-07820b2 e-flex e-con-boxed e-con e-parent\" data-id=\"07820b2\" data-element_type=\"container\" data-e-type=\"container\">\n\t\t\t\t\t<div class=\"e-con-inner\">\n\t\t<div class=\"elementor-element elementor-element-530db71 e-con-full e-flex e-con e-child\" data-id=\"530db71\" data-element_type=\"container\" data-e-type=\"container\">\n\t\t\t\t<div class=\"elementor-element elementor-element-c9110ca elementor-widget elementor-widget-button\" data-id=\"c9110ca\" data-element_type=\"widget\" data-e-type=\"widget\" data-widget_type=\"button.default\">\n\t\t\t\t<div class=\"elementor-widget-container\">\n\t\t\t\t\t\t\t\t\t<div class=\"elementor-button-wrapper\">\n\t\t\t\t\t<a class=\"elementor-button elementor-button-link elementor-size-sm\" href=\"https:\/\/casviboadilla.es\/wp-content\/uploads\/2025\/03\/Asignaturas-1-Bach.jpg\">\n\t\t\t\t\t\t<span class=\"elementor-button-content-wrapper\">\n\t\t\t\t\t\t\t\t\t<span class=\"elementor-button-text\">Subjects 1st Baccalaureate<\/span>\n\t\t\t\t\t<\/span>\n\t\t\t\t\t<\/a>\n\t\t\t\t<\/div>\n\t\t\t\t\t\t\t\t<\/div>\n\t\t\t\t<\/div>\n\t\t\t\t<\/div>\n\t\t<div class=\"elementor-element elementor-element-b5e2d5c e-con-full e-flex e-con e-child\" data-id=\"b5e2d5c\" data-element_type=\"container\" data-e-type=\"container\">\n\t\t\t\t<div class=\"elementor-element elementor-element-022e503 elementor-widget elementor-widget-button\" data-id=\"022e503\" data-element_type=\"widget\" data-e-type=\"widget\" data-widget_type=\"button.default\">\n\t\t\t\t<div class=\"elementor-widget-container\">\n\t\t\t\t\t\t\t\t\t<div class=\"elementor-button-wrapper\">\n\t\t\t\t\t<a class=\"elementor-button elementor-button-link elementor-size-sm\" href=\"https:\/\/casviboadilla.es\/wp-content\/uploads\/2025\/03\/Asignaturas-2-Bach.jpg\">\n\t\t\t\t\t\t<span class=\"elementor-button-content-wrapper\">\n\t\t\t\t\t\t\t\t\t<span class=\"elementor-button-text\">Subjects 2nd Baccalaureate<\/span>\n\t\t\t\t\t<\/span>\n\t\t\t\t\t<\/a>\n\t\t\t\t<\/div>\n\t\t\t\t\t\t\t\t<\/div>\n\t\t\t\t<\/div>\n\t\t\t\t<\/div>\n\t\t\t\t\t<\/div>\n\t\t\t\t<\/div>\n\t\t<div class=\"elementor-element elementor-element-d4ee289 e-flex e-con-boxed e-con e-parent\" data-id=\"d4ee289\" data-element_type=\"container\" data-e-type=\"container\">\n\t\t\t\t\t<div class=\"e-con-inner\">\n\t\t<div class=\"elementor-element elementor-element-e4c7d07 e-con-full e-flex e-con e-child\" data-id=\"e4c7d07\" data-element_type=\"container\" data-e-type=\"container\">\n\t\t\t\t<div class=\"elementor-element elementor-element-dbd0a15 elementor-widget elementor-widget-heading\" data-id=\"dbd0a15\" data-element_type=\"widget\" data-e-type=\"widget\" data-widget_type=\"heading.default\">\n\t\t\t\t<div class=\"elementor-widget-container\">\n\t\t\t\t\t<h2 class=\"elementor-heading-title elementor-size-default\">Spanish Baccalaureate and guidance.<\/h2>\t\t\t\t<\/div>\n\t\t\t\t<\/div>\n\t\t\t\t<div class=\"elementor-element elementor-element-fbcf16a elementor-widget elementor-widget-text-editor\" data-id=\"fbcf16a\" data-element_type=\"widget\" data-e-type=\"widget\" data-widget_type=\"text-editor.default\">\n\t\t\t\t<div class=\"elementor-widget-container\">\n\t\t\t\t\t\t\t\t\t<p>The <b>Guidance Department<\/b> plays a fundamental role in the Spanish Baccalaureate. Thanks to <b>vocational guidance<\/b>, our students can better guide their decisions in choosing their educational and professional future. <\/p><p>In addition to providing guidance on the most appropriate choice, <b>workshops<\/b> are held where students can learn first-hand about the options. In these workshops they also have the opportunity to carry out different tests that indicate which field would be more suitable for them, taking into account their <b>skills and abilities<\/b>. <\/p>\t\t\t\t\t\t\t\t<\/div>\n\t\t\t\t<\/div>\n\t\t\t\t<\/div>\n\t\t<div class=\"elementor-element elementor-element-5ed52ad e-con-full e-flex e-con e-child\" data-id=\"5ed52ad\" data-element_type=\"container\" data-e-type=\"container\">\n\t\t\t\t<div class=\"elementor-element elementor-element-34dc730 elementor-widget elementor-widget-image\" data-id=\"34dc730\" data-element_type=\"widget\" data-e-type=\"widget\" data-widget_type=\"image.default\">\n\t\t\t\t<div class=\"elementor-widget-container\">\n\t\t\t\t\t\t\t\t\t\t\t\t\t\t\t<img decoding=\"async\" width=\"1024\" height=\"683\" src=\"https:\/\/casviboadilla.es\/wp-content\/uploads\/2024\/04\/IMG_4314-1024x683.jpg\" class=\"attachment-large size-large wp-image-91965\" alt=\"El Departamento de Orientaci\u00f3n juega un papel fundamental en la etapa del Bachillerato General. Gracias a la orientaci\u00f3n vocacional, nuestros alumnos pueden conducir mejor sus decisiones de cara a elegir su futuro educativo y laboral.\" srcset=\"https:\/\/casviboadilla.es\/wp-content\/uploads\/2024\/04\/IMG_4314-1024x683.jpg 1024w, https:\/\/casviboadilla.es\/wp-content\/uploads\/2024\/04\/IMG_4314-300x200.jpg 300w, https:\/\/casviboadilla.es\/wp-content\/uploads\/2024\/04\/IMG_4314-768x512.jpg 768w, https:\/\/casviboadilla.es\/wp-content\/uploads\/2024\/04\/IMG_4314-1536x1024.jpg 1536w, https:\/\/casviboadilla.es\/wp-content\/uploads\/2024\/04\/IMG_4314-2048x1365.jpg 2048w\" sizes=\"(max-width: 1024px) 100vw, 1024px\" \/>\t\t\t\t\t\t\t\t\t\t\t\t\t\t\t<\/div>\n\t\t\t\t<\/div>\n\t\t\t\t<\/div>\n\t\t\t\t\t<\/div>\n\t\t\t\t<\/div>\n\t\t<div class=\"elementor-element elementor-element-38bc7f8 e-flex e-con-boxed e-con e-parent\" data-id=\"38bc7f8\" data-element_type=\"container\" data-e-type=\"container\">\n\t\t\t\t\t<div class=\"e-con-inner\">\n\t\t<div class=\"elementor-element elementor-element-5574277 e-con-full e-flex e-con e-child\" data-id=\"5574277\" data-element_type=\"container\" data-e-type=\"container\">\n\t\t\t\t<div class=\"elementor-element elementor-element-6b9b380 elementor-widget elementor-widget-video\" data-id=\"6b9b380\" data-element_type=\"widget\" data-e-type=\"widget\" data-settings=\"{&quot;youtube_url&quot;:&quot;https:\\\/\\\/www.youtube.com\\\/watch?v=bG_s5ZQrdJU&quot;,&quot;video_type&quot;:&quot;youtube&quot;,&quot;controls&quot;:&quot;yes&quot;}\" data-widget_type=\"video.default\">\n\t\t\t\t<div class=\"elementor-widget-container\">\n\t\t\t\t\t\t\t<div class=\"elementor-wrapper elementor-open-inline\">\n\t\t\t<div class=\"elementor-video\"><\/div>\t\t<\/div>\n\t\t\t\t\t\t<\/div>\n\t\t\t\t<\/div>\n\t\t\t\t<\/div>\n\t\t<div class=\"elementor-element elementor-element-94fb8df e-con-full e-flex e-con e-child\" data-id=\"94fb8df\" data-element_type=\"container\" data-e-type=\"container\">\n\t\t\t\t<div class=\"elementor-element elementor-element-5274cf2 elementor-widget elementor-widget-text-editor\" data-id=\"5274cf2\" data-element_type=\"widget\" data-e-type=\"widget\" data-widget_type=\"text-editor.default\">\n\t\t\t\t<div class=\"elementor-widget-container\">\n\t\t\t\t\t\t\t\t\t<p>During the <b>Spanish Baccalaureate<\/b> they also have the opportunity to attend the annual University Fair held at the center. It is attended by public and private, national and international universities to present their educational offerings so that they can make an informed choice. A <a href=\"https:\/\/es.linkedin.com\/pulse\/la-importancia-de-las-ferias-educativas-futureo-orientaci%C3%B3n\">great opportunity<\/a> that our students enjoy without leaving the school. <\/p><p>On the other hand, the center also hosts the <b>International Consultants Fair<\/b>, where they can discuss options for studying outside Spain. <\/p>\t\t\t\t\t\t\t\t<\/div>\n\t\t\t\t<\/div>\n\t\t\t\t<\/div>\n\t\t\t\t\t<\/div>\n\t\t\t\t<\/div>\n\t\t<div class=\"elementor-element elementor-element-dab7627 e-flex e-con-boxed e-con e-parent\" data-id=\"dab7627\" data-element_type=\"container\" data-e-type=\"container\">\n\t\t\t\t\t<div class=\"e-con-inner\">\n\t\t<div class=\"elementor-element elementor-element-c98f9ce e-con-full e-flex e-con e-child\" data-id=\"c98f9ce\" data-element_type=\"container\" data-e-type=\"container\">\n\t\t\t\t<div class=\"elementor-element elementor-element-ec709ea elementor-widget elementor-widget-heading\" data-id=\"ec709ea\" data-element_type=\"widget\" data-e-type=\"widget\" data-widget_type=\"heading.default\">\n\t\t\t\t<div class=\"elementor-widget-container\">\n\t\t\t\t\t<h2 class=\"elementor-heading-title elementor-size-default\">Spanish Baccalaureate and stress<\/h2>\t\t\t\t<\/div>\n\t\t\t\t<\/div>\n\t\t\t\t<div class=\"elementor-element elementor-element-495be36 elementor-widget elementor-widget-text-editor\" data-id=\"495be36\" data-element_type=\"widget\" data-e-type=\"widget\" data-widget_type=\"text-editor.default\">\n\t\t\t\t<div class=\"elementor-widget-container\">\n\t\t\t\t\t\t\t\t\t<p>As the International Baccalaureate is a time of big changes and big decisions, our students can sometimes feel overwhelmed. This is where the Guidance Department intervenes again through <b>a stress management workshop<\/b> that is taught in small groups. Thanks to them, they can handle, in a more positive way, critical times such as the exam season or the EvAU. <\/p>\t\t\t\t\t\t\t\t<\/div>\n\t\t\t\t<\/div>\n\t\t\t\t<\/div>\n\t\t<div class=\"elementor-element elementor-element-4583b4a e-con-full e-flex e-con e-child\" data-id=\"4583b4a\" data-element_type=\"container\" data-e-type=\"container\">\n\t\t\t\t<div class=\"elementor-element elementor-element-b93fb4b elementor-widget elementor-widget-heading\" data-id=\"b93fb4b\" data-element_type=\"widget\" data-e-type=\"widget\" data-widget_type=\"heading.default\">\n\t\t\t\t<div class=\"elementor-widget-container\">\n\t\t\t\t\t<h2 class=\"elementor-heading-title elementor-size-default\">General Baccalaureate with the rest of the stages<\/h2>\t\t\t\t<\/div>\n\t\t\t\t<\/div>\n\t\t\t\t<div class=\"elementor-element elementor-element-27dbf48 elementor-widget elementor-widget-text-editor\" data-id=\"27dbf48\" data-element_type=\"widget\" data-e-type=\"widget\" data-widget_type=\"text-editor.default\">\n\t\t\t\t<div class=\"elementor-widget-container\">\n\t\t\t\t\t\t\t\t\t<p>Although it is a stage of hard work, our students also find enough time to collaborate with the other stages of the center. For example, students in 1st grade advise students in 4th grade. Secondary school before the choice of itinerary. They talk to them about what this new transition will entail and answer some of their questions.  &nbsp;<\/p>\t\t\t\t\t\t\t\t<\/div>\n\t\t\t\t<\/div>\n\t\t\t\t<\/div>\n\t\t\t\t\t<\/div>\n\t\t\t\t<\/div>\n\t\t\t\t<\/div>\n\t\t","protected":false},"excerpt":{"rendered":"<p>SPANISH BACCALAUREATE IN CASVI BOADILLA During the National Baccalaureate in Casvi Boadilla, we push our students beyond the academic field, helping them in their personal growth, giving them an advantage [&hellip;]<\/p>\n","protected":false},"author":1,"featured_media":91936,"parent":0,"menu_order":0,"comment_status":"closed","ping_status":"closed","template":"","meta":{"_acf_changed":false,"site-sidebar-layout":"no-sidebar","site-content-layout":"page-builder","ast-site-content-layout":"default","site-content-style":"default","site-sidebar-style":"default","ast-global-header-display":"","ast-banner-title-visibility":"","ast-main-header-display":"","ast-hfb-above-header-display":"","ast-hfb-below-header-display":"","ast-hfb-mobile-header-display":"","site-post-title":"disabled","ast-breadcrumbs-content":"","ast-featured-img":"disabled","footer-sml-layout":"","ast-disable-related-posts":"","theme-transparent-header-meta":"default","adv-header-id-meta":"","stick-header-meta":"","header-above-stick-meta":"","header-main-stick-meta":"","header-below-stick-meta":"","astra-migrate-meta-layouts":"default","ast-page-background-enabled":"default","ast-page-background-meta":{"desktop":{"background-color":"var(--ast-global-color-4)","background-image":"","background-repeat":"repeat","background-position":"center center","background-size":"auto","background-attachment":"scroll","background-type":"","background-media":"","overlay-type":"","overlay-color":"","overlay-opacity":"","overlay-gradient":""},"tablet":{"background-color":"","background-image":"","background-repeat":"repeat","background-position":"center center","background-size":"auto","background-attachment":"scroll","background-type":"","background-media":"","overlay-type":"","overlay-color":"","overlay-opacity":"","overlay-gradient":""},"mobile":{"background-color":"","background-image":"","background-repeat":"repeat","background-position":"center center","background-size":"auto","background-attachment":"scroll","background-type":"","background-media":"","overlay-type":"","overlay-color":"","overlay-opacity":"","overlay-gradient":""}},"ast-content-background-meta":{"desktop":{"background-color":"var(--ast-global-color-5)","background-image":"","background-repeat":"repeat","background-position":"center center","background-size":"auto","background-attachment":"scroll","background-type":"","background-media":"","overlay-type":"","overlay-color":"","overlay-opacity":"","overlay-gradient":""},"tablet":{"background-color":"var(--ast-global-color-5)","background-image":"","background-repeat":"repeat","background-position":"center center","background-size":"auto","background-attachment":"scroll","background-type":"","background-media":"","overlay-type":"","overlay-color":"","overlay-opacity":"","overlay-gradient":""},"mobile":{"background-color":"var(--ast-global-color-5)","background-image":"","background-repeat":"repeat","background-position":"center center","background-size":"auto","background-attachment":"scroll","background-type":"","background-media":"","overlay-type":"","overlay-color":"","overlay-opacity":"","overlay-gradient":""}},"footnotes":""},"class_list":["post-93557","page","type-page","status-publish","has-post-thumbnail","hentry"],"acf":[],"yoast_head":"<!-- This site is optimized with the Yoast SEO Premium plugin v20.13 (Yoast SEO v27.2) - https:\/\/yoast.com\/product\/yoast-seo-premium-wordpress\/ -->\n<title>Spanish Baccalaureate in Casvi Boadilla - Casvi Boadilla<\/title>\n<meta name=\"description\" content=\"The Spanish Baccalaureate in Casvi Boadilla is a stage where the monitoring and vocational counseling of our students is a priority.\" \/>\n<meta name=\"robots\" content=\"index, follow, max-snippet:-1, max-image-preview:large, max-video-preview:-1\" \/>\n<link rel=\"canonical\" href=\"https:\/\/casviboadilla.es\/en\/general-baccalaureate-in-casvi-boadilla\/\" \/>\n<meta property=\"og:locale\" content=\"en_US\" \/>\n<meta property=\"og:type\" content=\"article\" \/>\n<meta property=\"og:title\" content=\"Spanish Baccalaureate in Casvi Boadilla\" \/>\n<meta property=\"og:description\" content=\"Discover the Spanish Baccalaureate in Casvi Boadilla.\" \/>\n<meta property=\"og:url\" content=\"https:\/\/casviboadilla.es\/en\/general-baccalaureate-in-casvi-boadilla\/\" \/>\n<meta property=\"og:site_name\" content=\"Casvi Boadilla\" \/>\n<meta property=\"og:image\" content=\"https:\/\/casviboadilla.es\/wp-content\/uploads\/2024\/04\/IMG_0412-scaled.jpg\" \/>\n\t<meta property=\"og:image:width\" content=\"2560\" \/>\n\t<meta property=\"og:image:height\" content=\"1707\" \/>\n\t<meta property=\"og:image:type\" content=\"image\/jpeg\" \/>\n<meta name=\"twitter:card\" content=\"summary_large_image\" \/>\n<meta name=\"twitter:title\" content=\"Spanish Baccalaureate in Casvi Boadilla\" \/>\n<meta name=\"twitter:description\" content=\"Discover the Spanish Baccalaureate in Casvi Boadilla.\" \/>\n<meta name=\"twitter:label1\" content=\"Est. reading time\" \/>\n\t<meta name=\"twitter:data1\" content=\"2 minutes\" \/>\n<!-- \/ Yoast SEO Premium plugin. -->","yoast_head_json":{"title":"Spanish Baccalaureate in Casvi Boadilla - Casvi Boadilla","description":"The Spanish Baccalaureate in Casvi Boadilla is a stage where the monitoring and vocational counseling of our students is a priority.","robots":{"index":"index","follow":"follow","max-snippet":"max-snippet:-1","max-image-preview":"max-image-preview:large","max-video-preview":"max-video-preview:-1"},"canonical":"https:\/\/casviboadilla.es\/en\/general-baccalaureate-in-casvi-boadilla\/","og_locale":"en_US","og_type":"article","og_title":"Spanish Baccalaureate in Casvi Boadilla","og_description":"Discover the Spanish Baccalaureate in Casvi Boadilla.","og_url":"https:\/\/casviboadilla.es\/en\/general-baccalaureate-in-casvi-boadilla\/","og_site_name":"Casvi Boadilla","og_image":[{"width":2560,"height":1707,"url":"https:\/\/casviboadilla.es\/wp-content\/uploads\/2024\/04\/IMG_0412-scaled.jpg","type":"image\/jpeg"}],"twitter_card":"summary_large_image","twitter_title":"Spanish Baccalaureate in Casvi Boadilla","twitter_description":"Discover the Spanish Baccalaureate in Casvi Boadilla.","twitter_misc":{"Est. reading time":"2 minutes"},"schema":{"@context":"https:\/\/schema.org","@graph":[{"@type":"WebPage","@id":"https:\/\/casviboadilla.es\/en\/general-baccalaureate-in-casvi-boadilla\/","url":"https:\/\/casviboadilla.es\/en\/general-baccalaureate-in-casvi-boadilla\/","name":"Spanish Baccalaureate in Casvi Boadilla - Casvi Boadilla","isPartOf":{"@id":"https:\/\/casviboadilla.es\/en\/#website"},"primaryImageOfPage":{"@id":"https:\/\/casviboadilla.es\/en\/general-baccalaureate-in-casvi-boadilla\/#primaryimage"},"image":{"@id":"https:\/\/casviboadilla.es\/en\/general-baccalaureate-in-casvi-boadilla\/#primaryimage"},"thumbnailUrl":"https:\/\/casviboadilla.es\/wp-content\/uploads\/2024\/04\/IMG_0412-scaled.jpg","datePublished":"2023-08-31T07:03:49+00:00","dateModified":"2025-03-21T12:52:11+00:00","description":"The Spanish Baccalaureate in Casvi Boadilla is a stage where the monitoring and vocational counseling of our students is a priority.","breadcrumb":{"@id":"https:\/\/casviboadilla.es\/en\/general-baccalaureate-in-casvi-boadilla\/#breadcrumb"},"inLanguage":"en-US","potentialAction":[{"@type":"ReadAction","target":["https:\/\/casviboadilla.es\/en\/general-baccalaureate-in-casvi-boadilla\/"]}]},{"@type":"ImageObject","inLanguage":"en-US","@id":"https:\/\/casviboadilla.es\/en\/general-baccalaureate-in-casvi-boadilla\/#primaryimage","url":"https:\/\/casviboadilla.es\/wp-content\/uploads\/2024\/04\/IMG_0412-scaled.jpg","contentUrl":"https:\/\/casviboadilla.es\/wp-content\/uploads\/2024\/04\/IMG_0412-scaled.jpg","width":2560,"height":1707,"caption":"Bachillerato General"},{"@type":"BreadcrumbList","@id":"https:\/\/casviboadilla.es\/en\/general-baccalaureate-in-casvi-boadilla\/#breadcrumb","itemListElement":[{"@type":"ListItem","position":1,"name":"Home","item":"https:\/\/casviboadilla.es\/en\/"},{"@type":"ListItem","position":2,"name":"Spanish Baccalaureate in Casvi Boadilla"}]},{"@type":"WebSite","@id":"https:\/\/casviboadilla.es\/en\/#website","url":"https:\/\/casviboadilla.es\/en\/","name":"Casvi Boadilla","description":"","potentialAction":[{"@type":"SearchAction","target":{"@type":"EntryPoint","urlTemplate":"https:\/\/casviboadilla.es\/en\/?s={search_term_string}"},"query-input":{"@type":"PropertyValueSpecification","valueRequired":true,"valueName":"search_term_string"}}],"inLanguage":"en-US"}]}},"_links":{"self":[{"href":"https:\/\/casviboadilla.es\/en\/wp-json\/wp\/v2\/pages\/93557","targetHints":{"allow":["GET"]}}],"collection":[{"href":"https:\/\/casviboadilla.es\/en\/wp-json\/wp\/v2\/pages"}],"about":[{"href":"https:\/\/casviboadilla.es\/en\/wp-json\/wp\/v2\/types\/page"}],"author":[{"embeddable":true,"href":"https:\/\/casviboadilla.es\/en\/wp-json\/wp\/v2\/users\/1"}],"replies":[{"embeddable":true,"href":"https:\/\/casviboadilla.es\/en\/wp-json\/wp\/v2\/comments?post=93557"}],"version-history":[{"count":7,"href":"https:\/\/casviboadilla.es\/en\/wp-json\/wp\/v2\/pages\/93557\/revisions"}],"predecessor-version":[{"id":158423,"href":"https:\/\/casviboadilla.es\/en\/wp-json\/wp\/v2\/pages\/93557\/revisions\/158423"}],"wp:featuredmedia":[{"embeddable":true,"href":"https:\/\/casviboadilla.es\/en\/wp-json\/wp\/v2\/media\/91936"}],"wp:attachment":[{"href":"https:\/\/casviboadilla.es\/en\/wp-json\/wp\/v2\/media?parent=93557"}],"curies":[{"name":"wp","href":"https:\/\/api.w.org\/{rel}","templated":true}]}}